{"id":7446,"date":"2025-03-24T11:34:52","date_gmt":"2025-03-24T11:34:52","guid":{"rendered":"https:\/\/aale.ee\/?post_type=product&#038;p=7446"},"modified":"2025-08-11T14:21:38","modified_gmt":"2025-08-11T14:21:38","slug":"rahvaroiva-seelikukangas-rakvere-2","status":"publish","type":"product","link":"https:\/\/aale.ee\/en\/e-pood\/rahvaroivad\/rahvaroiva-seelikukangas-rakvere-2\/","title":{"rendered":"Rahvar\u00f5iva seelikukangas Rakvere"},"content":{"rendered":"<p>Rakvere kihelkonna rahvar\u00f5iva seelikukanga kupong m\u00f5\u00f5tudega 1 x 2,5 m<\/p>\n<p>Kootud masintelgedel labases koes. Kangas on m\u00f5lemalt poolt \u00fchesugune.<\/p>\n<p>Ajalooline eeskuju: ERM 1<\/p>\n","protected":false},"excerpt":{"rendered":"<p>Rakvere kihelkonna rahvar\u00f5iva seelikukanga kupong m\u00f5\u00f5tudega 1 x 2,5 m Kootud masintelgedel labases koes. Kangas on m\u00f5lemalt poolt \u00fchesugune. Ajalooline&#8230;<\/p>\n","protected":false},"featured_media":7447,"comment_status":"closed","ping_status":"closed","template":"","meta":{"_acf_changed":false,"inline_featured_image":false},"product_brand":[],"product_cat":[33,658,331,32,37],"product_tag":[615,618],"class_list":{"0":"post-7446","1":"product","2":"type-product","3":"status-publish","4":"has-post-thumbnail","6":"product_cat-rahvaroivad","7":"product_cat-kangad-materjalid","8":"product_cat-kangad","9":"product_cat-koik-tooted","10":"product_cat-materjalid","11":"product_tag-eesti-parandmuster","12":"product_tag-naturaalsed-materjalid","14":"first","15":"instock","16":"taxable","17":"shipping-taxable","18":"purchasable","19":"product-type-simple"},"acf":[],"_links":{"self":[{"href":"https:\/\/aale.ee\/en\/wp-json\/wp\/v2\/product\/7446","targetHints":{"allow":["GET"]}}],"collection":[{"href":"https:\/\/aale.ee\/en\/wp-json\/wp\/v2\/product"}],"about":[{"href":"https:\/\/aale.ee\/en\/wp-json\/wp\/v2\/types\/product"}],"replies":[{"embeddable":true,"href":"https:\/\/aale.ee\/en\/wp-json\/wp\/v2\/comments?post=7446"}],"wp:featuredmedia":[{"embeddable":true,"href":"https:\/\/aale.ee\/en\/wp-json\/wp\/v2\/media\/7447"}],"wp:attachment":[{"href":"https:\/\/aale.ee\/en\/wp-json\/wp\/v2\/media?parent=7446"}],"wp:term":[{"taxonomy":"product_brand","embeddable":true,"href":"https:\/\/aale.ee\/en\/wp-json\/wp\/v2\/product_brand?post=7446"},{"taxonomy":"product_cat","embeddable":true,"href":"https:\/\/aale.ee\/en\/wp-json\/wp\/v2\/product_cat?post=7446"},{"taxonomy":"product_tag","embeddable":true,"href":"https:\/\/aale.ee\/en\/wp-json\/wp\/v2\/product_tag?post=7446"}],"curies":[{"name":"wp","href":"https:\/\/api.w.org\/{rel}","templated":true}]}}