{"id":7507,"date":"2025-04-02T13:24:22","date_gmt":"2025-04-02T13:24:22","guid":{"rendered":"https:\/\/aale.ee\/?post_type=product&#038;p=7507"},"modified":"2026-04-25T15:45:40","modified_gmt":"2026-04-25T15:45:40","slug":"linane-long-2x-naturaalne-hall","status":"publish","type":"product","link":"https:\/\/aale.ee\/en\/e-pood\/materjalid\/linane-long-2x-naturaalne-hall\/","title":{"rendered":"Linane l\u00f5ng 2x naturaalne hall"},"content":{"rendered":"<p>\u00dchtlase keeruga kvaliteetne 100% linane l\u00f5ng, kahekordne.<\/p>\n<p>Sobib h\u00e4sti kiriv\u00f6\u00f6de kudumiseks.<\/p>\n<p>V\u00e4rvus: naturaalne hall.<\/p>\n<p>&nbsp;<\/p>\n","protected":false},"excerpt":{"rendered":"<p>\u00dchtlase keeruga kvaliteetne 100% linane l\u00f5ng, kahekordne. Sobib h\u00e4sti kiriv\u00f6\u00f6de kudumiseks. V\u00e4rvus: naturaalne hall. &nbsp;<\/p>\n","protected":false},"featured_media":7510,"comment_status":"closed","ping_status":"closed","template":"","meta":{"_acf_changed":false,"inline_featured_image":false},"product_brand":[],"product_cat":[37,32,733],"product_tag":[],"class_list":{"0":"post-7507","1":"product","2":"type-product","3":"status-publish","4":"has-post-thumbnail","6":"product_cat-materjalid","7":"product_cat-koik-tooted","8":"product_cat-longad-ja-villad","9":"pa_suurus-100-g","10":"pa_suurus-50-g","12":"first","13":"instock","14":"taxable","15":"shipping-taxable","16":"purchasable","17":"product-type-variable"},"acf":[],"_links":{"self":[{"href":"https:\/\/aale.ee\/en\/wp-json\/wp\/v2\/product\/7507","targetHints":{"allow":["GET"]}}],"collection":[{"href":"https:\/\/aale.ee\/en\/wp-json\/wp\/v2\/product"}],"about":[{"href":"https:\/\/aale.ee\/en\/wp-json\/wp\/v2\/types\/product"}],"replies":[{"embeddable":true,"href":"https:\/\/aale.ee\/en\/wp-json\/wp\/v2\/comments?post=7507"}],"wp:featuredmedia":[{"embeddable":true,"href":"https:\/\/aale.ee\/en\/wp-json\/wp\/v2\/media\/7510"}],"wp:attachment":[{"href":"https:\/\/aale.ee\/en\/wp-json\/wp\/v2\/media?parent=7507"}],"wp:term":[{"taxonomy":"product_brand","embeddable":true,"href":"https:\/\/aale.ee\/en\/wp-json\/wp\/v2\/product_brand?post=7507"},{"taxonomy":"product_cat","embeddable":true,"href":"https:\/\/aale.ee\/en\/wp-json\/wp\/v2\/product_cat?post=7507"},{"taxonomy":"product_tag","embeddable":true,"href":"https:\/\/aale.ee\/en\/wp-json\/wp\/v2\/product_tag?post=7507"}],"curies":[{"name":"wp","href":"https:\/\/api.w.org\/{rel}","templated":true}]}}