{"id":7531,"date":"2025-04-06T12:14:14","date_gmt":"2025-04-06T12:14:14","guid":{"rendered":"https:\/\/aale.ee\/?post_type=product&#038;p=7531"},"modified":"2025-05-27T13:08:48","modified_gmt":"2025-05-27T13:08:48","slug":"kuhiksolg-hobetatud-pronksist-34-cm","status":"publish","type":"product","link":"https:\/\/aale.ee\/en\/e-pood\/folk-costumes\/ehted-2-en\/kuhiksolg-hobetatud-pronksist-34-cm\/","title":{"rendered":"Kuhiks\u00f5lg 3,4 cm"},"content":{"rendered":"<p>Kauni ornamendiga kaunistatud h\u00f5betatud pronksist kuhiks\u00f5lg.<\/p>\n<p>Turvalise terasest n\u00f5elkinnisega, diameeter 3,4 cm<\/p>\n","protected":false},"excerpt":{"rendered":"<p>Kauni ornamendiga kaunistatud h\u00f5betatud pronksist kuhiks\u00f5lg. Turvalise terasest n\u00f5elkinnisega, diameeter 3,4 cm<\/p>\n","protected":false},"featured_media":7533,"comment_status":"closed","ping_status":"closed","template":"","meta":{"_acf_changed":false,"inline_featured_image":false},"product_brand":[],"product_cat":[336,339,762,412],"product_tag":[603,617,604],"class_list":{"0":"post-7531","1":"product","2":"type-product","3":"status-publish","4":"has-post-thumbnail","6":"product_cat-koik-tooted-en","7":"product_cat-folk-costumes","8":"product_cat-ehted-2-en","9":"product_cat-jewelry","10":"product_tag-ainulaadne-en","11":"product_tag-etnograafiline-muster-en","12":"product_tag-kasitoo-en","14":"first","15":"instock","16":"taxable","17":"shipping-taxable","18":"purchasable","19":"product-type-simple"},"acf":[],"_links":{"self":[{"href":"https:\/\/aale.ee\/en\/wp-json\/wp\/v2\/product\/7531","targetHints":{"allow":["GET"]}}],"collection":[{"href":"https:\/\/aale.ee\/en\/wp-json\/wp\/v2\/product"}],"about":[{"href":"https:\/\/aale.ee\/en\/wp-json\/wp\/v2\/types\/product"}],"replies":[{"embeddable":true,"href":"https:\/\/aale.ee\/en\/wp-json\/wp\/v2\/comments?post=7531"}],"wp:featuredmedia":[{"embeddable":true,"href":"https:\/\/aale.ee\/en\/wp-json\/wp\/v2\/media\/7533"}],"wp:attachment":[{"href":"https:\/\/aale.ee\/en\/wp-json\/wp\/v2\/media?parent=7531"}],"wp:term":[{"taxonomy":"product_brand","embeddable":true,"href":"https:\/\/aale.ee\/en\/wp-json\/wp\/v2\/product_brand?post=7531"},{"taxonomy":"product_cat","embeddable":true,"href":"https:\/\/aale.ee\/en\/wp-json\/wp\/v2\/product_cat?post=7531"},{"taxonomy":"product_tag","embeddable":true,"href":"https:\/\/aale.ee\/en\/wp-json\/wp\/v2\/product_tag?post=7531"}],"curies":[{"name":"wp","href":"https:\/\/api.w.org\/{rel}","templated":true}]}}