{"id":7753,"date":"2025-05-23T13:30:36","date_gmt":"2025-05-23T13:30:36","guid":{"rendered":"https:\/\/aale.ee\/?post_type=product&#038;p=7753"},"modified":"2025-05-23T13:34:45","modified_gmt":"2025-05-23T13:34:45","slug":"hobedast-korvarongad-2","status":"publish","type":"product","link":"https:\/\/aale.ee\/en\/e-pood\/koik-tooted-en\/hobedast-korvarongad-2\/","title":{"rendered":"H\u00f5bedast k\u00f5rvar\u00f5ngad"},"content":{"rendered":"<p>H\u00f5bedast s\u00f5lekujulised k\u00f5rvar\u00f5ngad prooviga 925`<\/p>\n<p>S\u00f5le l\u00e4bim\u00f5\u00f5t 1,6 cm<\/p>\n","protected":false},"excerpt":{"rendered":"<p>H\u00f5bedast s\u00f5lekujulised k\u00f5rvar\u00f5ngad prooviga 925` S\u00f5le l\u00e4bim\u00f5\u00f5t 1,6 cm<\/p>\n","protected":false},"featured_media":7755,"comment_status":"closed","ping_status":"closed","template":"","meta":{"_acf_changed":false,"inline_featured_image":false},"product_brand":[],"product_cat":[336,412],"product_tag":[617,604],"class_list":{"0":"post-7753","1":"product","2":"type-product","3":"status-publish","4":"has-post-thumbnail","6":"product_cat-koik-tooted-en","7":"product_cat-jewelry","8":"product_tag-etnograafiline-muster-en","9":"product_tag-kasitoo-en","11":"first","12":"instock","13":"taxable","14":"shipping-taxable","15":"purchasable","16":"product-type-simple"},"acf":[],"_links":{"self":[{"href":"https:\/\/aale.ee\/en\/wp-json\/wp\/v2\/product\/7753","targetHints":{"allow":["GET"]}}],"collection":[{"href":"https:\/\/aale.ee\/en\/wp-json\/wp\/v2\/product"}],"about":[{"href":"https:\/\/aale.ee\/en\/wp-json\/wp\/v2\/types\/product"}],"replies":[{"embeddable":true,"href":"https:\/\/aale.ee\/en\/wp-json\/wp\/v2\/comments?post=7753"}],"wp:featuredmedia":[{"embeddable":true,"href":"https:\/\/aale.ee\/en\/wp-json\/wp\/v2\/media\/7755"}],"wp:attachment":[{"href":"https:\/\/aale.ee\/en\/wp-json\/wp\/v2\/media?parent=7753"}],"wp:term":[{"taxonomy":"product_brand","embeddable":true,"href":"https:\/\/aale.ee\/en\/wp-json\/wp\/v2\/product_brand?post=7753"},{"taxonomy":"product_cat","embeddable":true,"href":"https:\/\/aale.ee\/en\/wp-json\/wp\/v2\/product_cat?post=7753"},{"taxonomy":"product_tag","embeddable":true,"href":"https:\/\/aale.ee\/en\/wp-json\/wp\/v2\/product_tag?post=7753"}],"curies":[{"name":"wp","href":"https:\/\/api.w.org\/{rel}","templated":true}]}}