{"id":7760,"date":"2025-05-23T14:12:31","date_gmt":"2025-05-23T14:12:31","guid":{"rendered":"https:\/\/aale.ee\/?post_type=product&#038;p=7760"},"modified":"2025-08-19T07:10:39","modified_gmt":"2025-08-19T07:10:39","slug":"hobedast-korvarongad-leheke-2","status":"publish","type":"product","link":"https:\/\/aale.ee\/en\/e-pood\/rahvaroivad\/hobedast-korvarongad-leheke-2\/","title":{"rendered":"H\u00f5bedast k\u00f5rvar\u00f5ngad Leheke"},"content":{"rendered":"<p>Imearmsad k\u00f5rvar\u00f5ngad on valmistatud h\u00f5bedast prooviga 925.<\/p>\n<p>Diameeter 1 cm<\/p>\n","protected":false},"excerpt":{"rendered":"<p>Imearmsad k\u00f5rvar\u00f5ngad on valmistatud h\u00f5bedast prooviga 925. Diameeter 1 cm<\/p>\n","protected":false},"featured_media":7761,"comment_status":"closed","ping_status":"closed","template":"","meta":{"_acf_changed":false,"inline_featured_image":false},"product_brand":[],"product_cat":[33,31,328,32,862,863],"product_tag":[292,616,288],"class_list":{"0":"post-7760","1":"product","2":"type-product","3":"status-publish","4":"has-post-thumbnail","6":"product_cat-rahvaroivad","7":"product_cat-ehted","8":"product_cat-ehted-2","9":"product_cat-koik-tooted","10":"product_cat-korvarongad","11":"product_cat-korvarongad-ehted","12":"product_tag-ainulaadne","13":"product_tag-etnograafiline-muster","14":"product_tag-kasitoo","16":"first","17":"instock","18":"taxable","19":"shipping-taxable","20":"purchasable","21":"product-type-simple"},"acf":[],"_links":{"self":[{"href":"https:\/\/aale.ee\/en\/wp-json\/wp\/v2\/product\/7760","targetHints":{"allow":["GET"]}}],"collection":[{"href":"https:\/\/aale.ee\/en\/wp-json\/wp\/v2\/product"}],"about":[{"href":"https:\/\/aale.ee\/en\/wp-json\/wp\/v2\/types\/product"}],"replies":[{"embeddable":true,"href":"https:\/\/aale.ee\/en\/wp-json\/wp\/v2\/comments?post=7760"}],"wp:featuredmedia":[{"embeddable":true,"href":"https:\/\/aale.ee\/en\/wp-json\/wp\/v2\/media\/7761"}],"wp:attachment":[{"href":"https:\/\/aale.ee\/en\/wp-json\/wp\/v2\/media?parent=7760"}],"wp:term":[{"taxonomy":"product_brand","embeddable":true,"href":"https:\/\/aale.ee\/en\/wp-json\/wp\/v2\/product_brand?post=7760"},{"taxonomy":"product_cat","embeddable":true,"href":"https:\/\/aale.ee\/en\/wp-json\/wp\/v2\/product_cat?post=7760"},{"taxonomy":"product_tag","embeddable":true,"href":"https:\/\/aale.ee\/en\/wp-json\/wp\/v2\/product_tag?post=7760"}],"curies":[{"name":"wp","href":"https:\/\/api.w.org\/{rel}","templated":true}]}}