{"id":7795,"date":"2025-05-30T12:28:05","date_gmt":"2025-05-30T12:28:05","guid":{"rendered":"https:\/\/aale.ee\/?post_type=product&#038;p=7795"},"modified":"2026-03-05T07:11:26","modified_gmt":"2026-03-05T07:11:26","slug":"rahvaroivaste-hooldus","status":"publish","type":"product","link":"https:\/\/aale.ee\/en\/e-pood\/koik-tooted-en\/rahvaroivaste-hooldus\/","title":{"rendered":"Rahvar\u00f5ivaste hooldus"},"content":{"rendered":"<p>See raamat on m\u00f5eldud k\u00f5igile, kes kannavad rahvar\u00f5ivaid. Ilusti ja korrektselt tehtud rahvar\u00f5ivad on v\u00e4ga v\u00e4\u00e4rtuslikud. Ehted ja naturaalsetest materjalidest esemed eeldavad, et kandja oskab neid hoida ja puhastada, sest muidu v\u00f5ib ta need p\u00e4\u00e4smatult \u00e4ra rikkuda. \u00d5igesti hoitud esemed kestavad kauem.<\/p>\n<p>Raamatu autor Age Raudsepp t\u00f6\u00f6tab aastaid Eesti Rahva Muuseumis. Ta on l\u00f5petanud T\u00dc Viljandi Kultuuriakadeemia rahvusliku tekstiili eriala. Raamatus jagab autor oma teadmisi, kogemusi ja nippe kuidas eemaldada plekke, pesta ja leotada, kuidas kohelda pitse ja tikandeid, millal triikida ja palju muud vajalikku<\/p>\n<p>M\u00f5\u00f5dud 116 x 200, pehme k\u00f6ide, 119 lk<\/p>\n<p>2025. a. Hea Lugu<\/p>\n<p>&nbsp;<\/p>\n","protected":false},"excerpt":{"rendered":"<p>See raamat on m\u00f5eldud k\u00f5igile, kes kannavad rahvar\u00f5ivaid. Ilusti ja korrektselt tehtud rahvar\u00f5ivad on v\u00e4ga v\u00e4\u00e4rtuslikud. Ehted ja naturaalsetest materjalidest&#8230;<\/p>\n","protected":false},"featured_media":7797,"comment_status":"closed","ping_status":"closed","template":"","meta":{"_acf_changed":false,"inline_featured_image":false},"product_brand":[],"product_cat":[336,335],"product_tag":[892],"class_list":{"0":"post-7795","1":"product","2":"type-product","3":"status-publish","4":"has-post-thumbnail","6":"product_cat-koik-tooted-en","7":"product_cat-raamatud-en","8":"product_tag-sisaldab-juhiseid-ja-napunaiteid-en","10":"first","11":"instock","12":"taxable","13":"shipping-taxable","14":"purchasable","15":"product-type-simple"},"acf":[],"_links":{"self":[{"href":"https:\/\/aale.ee\/en\/wp-json\/wp\/v2\/product\/7795","targetHints":{"allow":["GET"]}}],"collection":[{"href":"https:\/\/aale.ee\/en\/wp-json\/wp\/v2\/product"}],"about":[{"href":"https:\/\/aale.ee\/en\/wp-json\/wp\/v2\/types\/product"}],"replies":[{"embeddable":true,"href":"https:\/\/aale.ee\/en\/wp-json\/wp\/v2\/comments?post=7795"}],"wp:featuredmedia":[{"embeddable":true,"href":"https:\/\/aale.ee\/en\/wp-json\/wp\/v2\/media\/7797"}],"wp:attachment":[{"href":"https:\/\/aale.ee\/en\/wp-json\/wp\/v2\/media?parent=7795"}],"wp:term":[{"taxonomy":"product_brand","embeddable":true,"href":"https:\/\/aale.ee\/en\/wp-json\/wp\/v2\/product_brand?post=7795"},{"taxonomy":"product_cat","embeddable":true,"href":"https:\/\/aale.ee\/en\/wp-json\/wp\/v2\/product_cat?post=7795"},{"taxonomy":"product_tag","embeddable":true,"href":"https:\/\/aale.ee\/en\/wp-json\/wp\/v2\/product_tag?post=7795"}],"curies":[{"name":"wp","href":"https:\/\/api.w.org\/{rel}","templated":true}]}}