{"id":7823,"date":"2025-06-03T08:12:17","date_gmt":"2025-06-03T08:12:17","guid":{"rendered":"https:\/\/aale.ee\/?post_type=product&#038;p=7823"},"modified":"2025-06-03T08:22:37","modified_gmt":"2025-06-03T08:22:37","slug":"paistu-neiu-peapael","status":"publish","type":"product","link":"https:\/\/aale.ee\/en\/e-pood\/rahvaroivad\/paistu-neiu-peapael\/","title":{"rendered":"Paistu neiu peapael"},"content":{"rendered":"<p>Neidude peakate rahvar\u00f5ivaste juurde. Kiriv\u00f6\u00f6 tehnikas peapael, kaunistuseks villastest l\u00f5ngadest tutt, mis on \u00fchendatud peapaelaga.<\/p>\n<p>Suurus 55 cm<\/p>\n<p>Ajalooliseks eeskujuks ERM 9215, mis on kogutud Fr. Roosmanni korjanduse k\u00e4igus Holstre vallast.<\/p>\n<p>&nbsp;<\/p>\n","protected":false},"excerpt":{"rendered":"<p>Neidude peakate rahvar\u00f5ivaste juurde. Kiriv\u00f6\u00f6 tehnikas peapael, kaunistuseks villastest l\u00f5ngadest tutt, mis on \u00fchendatud peapaelaga. Suurus 55 cm Ajalooliseks eeskujuks&#8230;<\/p>\n","protected":false},"featured_media":7824,"comment_status":"closed","ping_status":"closed","template":"","meta":{"_acf_changed":false,"inline_featured_image":false},"product_brand":[],"product_cat":[33,32,322],"product_tag":[622,288],"class_list":{"0":"post-7823","1":"product","2":"type-product","3":"status-publish","4":"has-post-thumbnail","6":"product_cat-rahvaroivad","7":"product_cat-koik-tooted","8":"product_cat-valmisroivad","9":"product_tag-etnograafiline-roivas","10":"product_tag-kasitoo","12":"first","13":"instock","14":"taxable","15":"shipping-taxable","16":"purchasable","17":"product-type-simple"},"acf":[],"_links":{"self":[{"href":"https:\/\/aale.ee\/en\/wp-json\/wp\/v2\/product\/7823","targetHints":{"allow":["GET"]}}],"collection":[{"href":"https:\/\/aale.ee\/en\/wp-json\/wp\/v2\/product"}],"about":[{"href":"https:\/\/aale.ee\/en\/wp-json\/wp\/v2\/types\/product"}],"replies":[{"embeddable":true,"href":"https:\/\/aale.ee\/en\/wp-json\/wp\/v2\/comments?post=7823"}],"wp:featuredmedia":[{"embeddable":true,"href":"https:\/\/aale.ee\/en\/wp-json\/wp\/v2\/media\/7824"}],"wp:attachment":[{"href":"https:\/\/aale.ee\/en\/wp-json\/wp\/v2\/media?parent=7823"}],"wp:term":[{"taxonomy":"product_brand","embeddable":true,"href":"https:\/\/aale.ee\/en\/wp-json\/wp\/v2\/product_brand?post=7823"},{"taxonomy":"product_cat","embeddable":true,"href":"https:\/\/aale.ee\/en\/wp-json\/wp\/v2\/product_cat?post=7823"},{"taxonomy":"product_tag","embeddable":true,"href":"https:\/\/aale.ee\/en\/wp-json\/wp\/v2\/product_tag?post=7823"}],"curies":[{"name":"wp","href":"https:\/\/api.w.org\/{rel}","templated":true}]}}