{"id":7849,"date":"2025-06-06T12:16:11","date_gmt":"2025-06-06T12:16:11","guid":{"rendered":"https:\/\/aale.ee\/?post_type=product&#038;p=7849"},"modified":"2026-02-20T11:40:07","modified_gmt":"2026-02-20T11:40:07","slug":"rahvaroiva-liistik-tartumaa","status":"publish","type":"product","link":"https:\/\/aale.ee\/en\/e-pood\/rahvaroivad\/rahvaroiva-liistik-tartumaa\/","title":{"rendered":"Rahvar\u00f5iva liistik Tartumaa"},"content":{"rendered":"<p>Naiste rahvar\u00f5iva liistik Tartumaa. 100% villasest tumesinisest kangast viskoosvoodriga.<\/p>\n<p>Ajalooliseks eeskujuks ERM A 36:25 Maarja-Magdaleena kihelkond ca 1850. aastast.<\/p>\n<p>Liistiku laius v\u00f6\u00f6kohast ca 82 cm, rinna\u00fcmberm\u00f5\u00f5t ca 100 cm<\/p>\n<p>&nbsp;<\/p>\n","protected":false},"excerpt":{"rendered":"<p>Naiste rahvar\u00f5iva liistik Tartumaa. 100% villasest tumesinisest kangast viskoosvoodriga. Ajalooliseks eeskujuks ERM A 36:25 Maarja-Magdaleena kihelkond ca 1850. aastast. Liistiku&#8230;<\/p>\n","protected":false},"featured_media":7850,"comment_status":"closed","ping_status":"closed","template":"","meta":{"_acf_changed":false,"inline_featured_image":false},"product_brand":[],"product_cat":[33,32,322],"product_tag":[615,618],"class_list":{"0":"post-7849","1":"product","2":"type-product","3":"status-publish","4":"has-post-thumbnail","6":"product_cat-rahvaroivad","7":"product_cat-koik-tooted","8":"product_cat-valmisroivad","9":"product_tag-eesti-parandmuster","10":"product_tag-naturaalsed-materjalid","12":"first","13":"outofstock","14":"taxable","15":"shipping-taxable","16":"purchasable","17":"product-type-simple"},"acf":[],"_links":{"self":[{"href":"https:\/\/aale.ee\/en\/wp-json\/wp\/v2\/product\/7849","targetHints":{"allow":["GET"]}}],"collection":[{"href":"https:\/\/aale.ee\/en\/wp-json\/wp\/v2\/product"}],"about":[{"href":"https:\/\/aale.ee\/en\/wp-json\/wp\/v2\/types\/product"}],"replies":[{"embeddable":true,"href":"https:\/\/aale.ee\/en\/wp-json\/wp\/v2\/comments?post=7849"}],"wp:featuredmedia":[{"embeddable":true,"href":"https:\/\/aale.ee\/en\/wp-json\/wp\/v2\/media\/7850"}],"wp:attachment":[{"href":"https:\/\/aale.ee\/en\/wp-json\/wp\/v2\/media?parent=7849"}],"wp:term":[{"taxonomy":"product_brand","embeddable":true,"href":"https:\/\/aale.ee\/en\/wp-json\/wp\/v2\/product_brand?post=7849"},{"taxonomy":"product_cat","embeddable":true,"href":"https:\/\/aale.ee\/en\/wp-json\/wp\/v2\/product_cat?post=7849"},{"taxonomy":"product_tag","embeddable":true,"href":"https:\/\/aale.ee\/en\/wp-json\/wp\/v2\/product_tag?post=7849"}],"curies":[{"name":"wp","href":"https:\/\/api.w.org\/{rel}","templated":true}]}}