{"id":7857,"date":"2025-06-06T12:31:23","date_gmt":"2025-06-06T12:31:23","guid":{"rendered":"https:\/\/aale.ee\/?post_type=product&#038;p=7857"},"modified":"2025-06-06T12:50:49","modified_gmt":"2025-06-06T12:50:49","slug":"meeste-vatt-parnumaa","status":"publish","type":"product","link":"https:\/\/aale.ee\/en\/e-pood\/folk-costumes\/valmisroivad-en\/meeste-vatt-parnumaa\/","title":{"rendered":"Meeste vatt P\u00e4rnumaa"},"content":{"rendered":"<p>Materjalid: 100% villane must kangas, viskoosvooder, kaunistuseks metalln\u00f6\u00f6bid.<\/p>\n<p>Suurus: L &#8211; XL<\/p>\n<p>Vati pikkus 71 cm<\/p>\n<p>Sobib kokku mustade p\u00f5lvp\u00fckstega.<\/p>\n<p>Eeskujuks V\u00e4ndra kihelkonnast p\u00e4rit vatt VM5218\/E241<\/p>\n\n<table id=\"tablepress-2\" class=\"tablepress tablepress-id-2\">\n<thead>\n<tr class=\"row-1\">\n\t<th class=\"column-1\">Suurus<\/th><th class=\"column-2\">Rinna \u00fcmberm\u00f5\u00f5t<\/th><th class=\"column-3\">Puusa \u00fcmberm\u00f5\u00f5t<\/th>\n<\/tr>\n<\/thead>\n<tbody class=\"row-striping\">\n<tr class=\"row-2\">\n\t<td class=\"column-1\">XS<\/td><td class=\"column-2\">86-90<\/td><td class=\"column-3\">88-92<\/td>\n<\/tr>\n<tr class=\"row-3\">\n\t<td class=\"column-1\">S<\/td><td class=\"column-2\">90-94<\/td><td class=\"column-3\">92-96<\/td>\n<\/tr>\n<tr class=\"row-4\">\n\t<td class=\"column-1\">M<\/td><td class=\"column-2\">94-98<\/td><td class=\"column-3\">96-100<\/td>\n<\/tr>\n<tr class=\"row-5\">\n\t<td class=\"column-1\">L<\/td><td class=\"column-2\">98-102<\/td><td class=\"column-3\">100-104<\/td>\n<\/tr>\n<tr class=\"row-6\">\n\t<td class=\"column-1\">XL<\/td><td class=\"column-2\">102-106<\/td><td class=\"column-3\">104-108<\/td>\n<\/tr>\n<tr class=\"row-7\">\n\t<td class=\"column-1\">XXL<\/td><td class=\"column-2\">106-110<\/td><td class=\"column-3\">108-112<\/td>\n<\/tr>\n<tr class=\"row-8\">\n\t<td class=\"column-1\">3XL<\/td><td class=\"column-2\">110-114<\/td><td class=\"column-3\">113-117<\/td>\n<\/tr>\n<tr class=\"row-9\">\n\t<td class=\"column-1\">4XL<\/td><td class=\"column-2\">114-118<\/td><td class=\"column-3\">118-122<\/td>\n<\/tr>\n<\/tbody>\n<\/table>\n<!-- #tablepress-2 from cache -->\n","protected":false},"excerpt":{"rendered":"<p>Materjalid: 100% villane must kangas, viskoosvooder, kaunistuseks metalln\u00f6\u00f6bid. Suurus: L &#8211; XL Vati pikkus 71 cm Sobib kokku mustade p\u00f5lvp\u00fckstega&#8230;.<\/p>\n","protected":false},"featured_media":7859,"comment_status":"closed","ping_status":"closed","template":"","meta":{"_acf_changed":false,"inline_featured_image":false},"product_brand":[],"product_cat":[336,339,796],"product_tag":[623,604,619],"class_list":{"0":"post-7857","1":"product","2":"type-product","3":"status-publish","4":"has-post-thumbnail","6":"product_cat-koik-tooted-en","7":"product_cat-folk-costumes","8":"product_cat-valmisroivad-en","9":"product_tag-etnograafiline-roivas-en","10":"product_tag-kasitoo-en","11":"product_tag-naturaalsed-materjalid-en","12":"pa_suurus-s-m-en","14":"first","15":"instock","16":"taxable","17":"shipping-taxable","18":"purchasable","19":"product-type-simple"},"acf":[],"_links":{"self":[{"href":"https:\/\/aale.ee\/en\/wp-json\/wp\/v2\/product\/7857","targetHints":{"allow":["GET"]}}],"collection":[{"href":"https:\/\/aale.ee\/en\/wp-json\/wp\/v2\/product"}],"about":[{"href":"https:\/\/aale.ee\/en\/wp-json\/wp\/v2\/types\/product"}],"replies":[{"embeddable":true,"href":"https:\/\/aale.ee\/en\/wp-json\/wp\/v2\/comments?post=7857"}],"wp:featuredmedia":[{"embeddable":true,"href":"https:\/\/aale.ee\/en\/wp-json\/wp\/v2\/media\/7859"}],"wp:attachment":[{"href":"https:\/\/aale.ee\/en\/wp-json\/wp\/v2\/media?parent=7857"}],"wp:term":[{"taxonomy":"product_brand","embeddable":true,"href":"https:\/\/aale.ee\/en\/wp-json\/wp\/v2\/product_brand?post=7857"},{"taxonomy":"product_cat","embeddable":true,"href":"https:\/\/aale.ee\/en\/wp-json\/wp\/v2\/product_cat?post=7857"},{"taxonomy":"product_tag","embeddable":true,"href":"https:\/\/aale.ee\/en\/wp-json\/wp\/v2\/product_tag?post=7857"}],"curies":[{"name":"wp","href":"https:\/\/api.w.org\/{rel}","templated":true}]}}