{"id":7907,"date":"2025-06-12T13:10:09","date_gmt":"2025-06-12T13:10:09","guid":{"rendered":"https:\/\/aale.ee\/?post_type=product&#038;p=7907"},"modified":"2026-04-02T11:59:04","modified_gmt":"2026-04-02T11:59:04","slug":"hobedast-kuhiksolg-ripats-2-cm","status":"publish","type":"product","link":"https:\/\/aale.ee\/en\/e-pood\/folk-costumes\/ehted-2-en\/hobedast-kuhiksolg-ripats-2-cm\/","title":{"rendered":"H\u00f5bedast kuhiks\u00f5lg ripats 2 cm"},"content":{"rendered":"<p>Imearmas kauni ornamendiga h\u00f5bedast kuhiks\u00f5lg ripats prooviga 925<\/p>\n<p>Diameeter 2 cm<\/p>\n","protected":false},"excerpt":{"rendered":"<p>Imearmas kauni ornamendiga h\u00f5bedast kuhiks\u00f5lg ripats prooviga 925 Diameeter 2 cm<\/p>\n","protected":false},"featured_media":7909,"comment_status":"closed","ping_status":"closed","template":"","meta":{"_acf_changed":false,"inline_featured_image":false},"product_brand":[],"product_cat":[336,339,762,412,898,897],"product_tag":[603,617,604],"class_list":{"0":"post-7907","1":"product","2":"type-product","3":"status-publish","4":"has-post-thumbnail","6":"product_cat-koik-tooted-en","7":"product_cat-folk-costumes","8":"product_cat-ehted-2-en","9":"product_cat-jewelry","10":"product_cat-soled-ja-preesid","11":"product_cat-soled-ja-preesid-ehted","12":"product_tag-ainulaadne-en","13":"product_tag-etnograafiline-muster-en","14":"product_tag-kasitoo-en","16":"first","17":"instock","18":"taxable","19":"shipping-taxable","20":"purchasable","21":"product-type-simple"},"acf":[],"_links":{"self":[{"href":"https:\/\/aale.ee\/en\/wp-json\/wp\/v2\/product\/7907","targetHints":{"allow":["GET"]}}],"collection":[{"href":"https:\/\/aale.ee\/en\/wp-json\/wp\/v2\/product"}],"about":[{"href":"https:\/\/aale.ee\/en\/wp-json\/wp\/v2\/types\/product"}],"replies":[{"embeddable":true,"href":"https:\/\/aale.ee\/en\/wp-json\/wp\/v2\/comments?post=7907"}],"wp:featuredmedia":[{"embeddable":true,"href":"https:\/\/aale.ee\/en\/wp-json\/wp\/v2\/media\/7909"}],"wp:attachment":[{"href":"https:\/\/aale.ee\/en\/wp-json\/wp\/v2\/media?parent=7907"}],"wp:term":[{"taxonomy":"product_brand","embeddable":true,"href":"https:\/\/aale.ee\/en\/wp-json\/wp\/v2\/product_brand?post=7907"},{"taxonomy":"product_cat","embeddable":true,"href":"https:\/\/aale.ee\/en\/wp-json\/wp\/v2\/product_cat?post=7907"},{"taxonomy":"product_tag","embeddable":true,"href":"https:\/\/aale.ee\/en\/wp-json\/wp\/v2\/product_tag?post=7907"}],"curies":[{"name":"wp","href":"https:\/\/api.w.org\/{rel}","templated":true}]}}