{"id":8123,"date":"2025-08-05T12:39:45","date_gmt":"2025-08-05T12:39:45","guid":{"rendered":"https:\/\/aale.ee\/?post_type=product&#038;p=8123"},"modified":"2026-04-08T10:48:32","modified_gmt":"2026-04-08T10:48:32","slug":"rahvaroiva-seelikukangas-jarva-jaani","status":"publish","type":"product","link":"https:\/\/aale.ee\/en\/e-pood\/materials\/kangad-materjalid-en\/rahvaroiva-seelikukangas-jarva-jaani\/","title":{"rendered":"Rahvar\u00f5iva seelikukangas J\u00e4rva-Jaani"},"content":{"rendered":"<p>Rahvar\u00f5iva seelikukanga kupong, J\u00e4rva-Jaani kihelkond.<\/p>\n<p>Ajalooline eeskuju ERM A 509:1932, valmistanud Maret Rosmann Hindreku talus.<\/p>\n<p>Kootud masintelgedel, kude ja l\u00f5im 100% villane.<\/p>\n<p>M\u00f5\u00f5dud: 0,95 x 2,57 m<\/p>\n","protected":false},"excerpt":{"rendered":"<p>Rahvar\u00f5iva seelikukanga kupong, J\u00e4rva-Jaani kihelkond. Ajalooline eeskuju ERM A 509:1932, valmistanud Maret Rosmann Hindreku talus. Kootud masintelgedel, kude ja l\u00f5im&#8230;<\/p>\n","protected":false},"featured_media":8125,"comment_status":"closed","ping_status":"closed","template":"","meta":{"_acf_changed":false,"inline_featured_image":false},"product_brand":[],"product_cat":[336,790,791,339,341],"product_tag":[438,617,440],"class_list":{"0":"post-8123","1":"product","2":"type-product","3":"status-publish","4":"has-post-thumbnail","6":"product_cat-koik-tooted-en","7":"product_cat-kangad-materjalid-en","8":"product_cat-kangad-en","9":"product_cat-folk-costumes","10":"product_cat-materials","11":"product_tag-100-villane-en","12":"product_tag-etnograafiline-muster-en","13":"product_tag-hingav-materjal-en","15":"first","16":"instock","17":"taxable","18":"shipping-taxable","19":"purchasable","20":"product-type-simple"},"acf":[],"_links":{"self":[{"href":"https:\/\/aale.ee\/en\/wp-json\/wp\/v2\/product\/8123","targetHints":{"allow":["GET"]}}],"collection":[{"href":"https:\/\/aale.ee\/en\/wp-json\/wp\/v2\/product"}],"about":[{"href":"https:\/\/aale.ee\/en\/wp-json\/wp\/v2\/types\/product"}],"replies":[{"embeddable":true,"href":"https:\/\/aale.ee\/en\/wp-json\/wp\/v2\/comments?post=8123"}],"wp:featuredmedia":[{"embeddable":true,"href":"https:\/\/aale.ee\/en\/wp-json\/wp\/v2\/media\/8125"}],"wp:attachment":[{"href":"https:\/\/aale.ee\/en\/wp-json\/wp\/v2\/media?parent=8123"}],"wp:term":[{"taxonomy":"product_brand","embeddable":true,"href":"https:\/\/aale.ee\/en\/wp-json\/wp\/v2\/product_brand?post=8123"},{"taxonomy":"product_cat","embeddable":true,"href":"https:\/\/aale.ee\/en\/wp-json\/wp\/v2\/product_cat?post=8123"},{"taxonomy":"product_tag","embeddable":true,"href":"https:\/\/aale.ee\/en\/wp-json\/wp\/v2\/product_tag?post=8123"}],"curies":[{"name":"wp","href":"https:\/\/api.w.org\/{rel}","templated":true}]}}