{"id":8127,"date":"2025-08-05T12:47:18","date_gmt":"2025-08-05T12:47:18","guid":{"rendered":"https:\/\/aale.ee\/?post_type=product&#038;p=8127"},"modified":"2025-08-05T12:52:50","modified_gmt":"2025-08-05T12:52:50","slug":"rahvaroiva-seelikukangas-aksi","status":"publish","type":"product","link":"https:\/\/aale.ee\/en\/e-pood\/materials\/kangad-materjalid-en\/rahvaroiva-seelikukangas-aksi\/","title":{"rendered":"Rahvar\u00f5iva seelikukangas \u00c4ksi"},"content":{"rendered":"<p>Rahvar\u00f5iva seelikukanga kupong, \u00c4ksi kihelkond.<\/p>\n<p>Ajalooline eeskuju ERM 74, valmistanud ca 1830. aastal.<\/p>\n<p>Kootud masintelgedel, kude ja l\u00f5im 100% villane.<\/p>\n<p>M\u00f5\u00f5dud: 0,89 x 2,6 m<\/p>\n","protected":false},"excerpt":{"rendered":"<p>Rahvar\u00f5iva seelikukanga kupong, \u00c4ksi kihelkond. Ajalooline eeskuju ERM 74, valmistanud ca 1830. aastal. Kootud masintelgedel, kude ja l\u00f5im 100% villane&#8230;.<\/p>\n","protected":false},"featured_media":8129,"comment_status":"closed","ping_status":"closed","template":"","meta":{"_acf_changed":false,"inline_featured_image":false},"product_brand":[],"product_cat":[336,790,791,339,341],"product_tag":[438,617,440],"class_list":{"0":"post-8127","1":"product","2":"type-product","3":"status-publish","4":"has-post-thumbnail","6":"product_cat-koik-tooted-en","7":"product_cat-kangad-materjalid-en","8":"product_cat-kangad-en","9":"product_cat-folk-costumes","10":"product_cat-materials","11":"product_tag-100-villane-en","12":"product_tag-etnograafiline-muster-en","13":"product_tag-hingav-materjal-en","15":"first","16":"instock","17":"taxable","18":"shipping-taxable","19":"purchasable","20":"product-type-simple"},"acf":[],"_links":{"self":[{"href":"https:\/\/aale.ee\/en\/wp-json\/wp\/v2\/product\/8127","targetHints":{"allow":["GET"]}}],"collection":[{"href":"https:\/\/aale.ee\/en\/wp-json\/wp\/v2\/product"}],"about":[{"href":"https:\/\/aale.ee\/en\/wp-json\/wp\/v2\/types\/product"}],"replies":[{"embeddable":true,"href":"https:\/\/aale.ee\/en\/wp-json\/wp\/v2\/comments?post=8127"}],"wp:featuredmedia":[{"embeddable":true,"href":"https:\/\/aale.ee\/en\/wp-json\/wp\/v2\/media\/8129"}],"wp:attachment":[{"href":"https:\/\/aale.ee\/en\/wp-json\/wp\/v2\/media?parent=8127"}],"wp:term":[{"taxonomy":"product_brand","embeddable":true,"href":"https:\/\/aale.ee\/en\/wp-json\/wp\/v2\/product_brand?post=8127"},{"taxonomy":"product_cat","embeddable":true,"href":"https:\/\/aale.ee\/en\/wp-json\/wp\/v2\/product_cat?post=8127"},{"taxonomy":"product_tag","embeddable":true,"href":"https:\/\/aale.ee\/en\/wp-json\/wp\/v2\/product_tag?post=8127"}],"curies":[{"name":"wp","href":"https:\/\/api.w.org\/{rel}","templated":true}]}}