{"id":8130,"date":"2025-08-05T13:12:40","date_gmt":"2025-08-05T13:12:40","guid":{"rendered":"https:\/\/aale.ee\/?post_type=product&#038;p=8130"},"modified":"2025-08-18T08:23:24","modified_gmt":"2025-08-18T08:23:24","slug":"lapiline-voo-simuna","status":"publish","type":"product","link":"https:\/\/aale.ee\/en\/e-pood\/rahvaroivad\/lapiline-voo-simuna\/","title":{"rendered":"Lapiline v\u00f6\u00f6 Simuna"},"content":{"rendered":"<p>Materjaliks 100% villane l\u00f5ng.<\/p>\n<p>V\u00f6\u00f6 pikkus koos narmastega 302 cm, laius 4,2 cm.<\/p>\n<p>Ajalooline eeskuju: ERM 18895, valmistatud ca 1717.a. Simuna kihelkonnas.<\/p>\n","protected":false},"excerpt":{"rendered":"<p>Materjaliks 100% villane l\u00f5ng. V\u00f6\u00f6 pikkus koos narmastega 302 cm, laius 4,2 cm. Ajalooline eeskuju: ERM 18895, valmistatud ca 1717.a&#8230;.<\/p>\n","protected":false},"featured_media":8131,"comment_status":"closed","ping_status":"closed","template":"","meta":{"_acf_changed":false,"inline_featured_image":false},"product_brand":[],"product_cat":[33,32,325],"product_tag":[615,288,618],"class_list":{"0":"post-8130","1":"product","2":"type-product","3":"status-publish","4":"has-post-thumbnail","6":"product_cat-rahvaroivad","7":"product_cat-koik-tooted","8":"product_cat-vood-ja-paelad","9":"product_tag-eesti-parandmuster","10":"product_tag-kasitoo","11":"product_tag-naturaalsed-materjalid","13":"first","14":"instock","15":"taxable","16":"shipping-taxable","17":"purchasable","18":"product-type-simple"},"acf":[],"_links":{"self":[{"href":"https:\/\/aale.ee\/en\/wp-json\/wp\/v2\/product\/8130","targetHints":{"allow":["GET"]}}],"collection":[{"href":"https:\/\/aale.ee\/en\/wp-json\/wp\/v2\/product"}],"about":[{"href":"https:\/\/aale.ee\/en\/wp-json\/wp\/v2\/types\/product"}],"replies":[{"embeddable":true,"href":"https:\/\/aale.ee\/en\/wp-json\/wp\/v2\/comments?post=8130"}],"wp:featuredmedia":[{"embeddable":true,"href":"https:\/\/aale.ee\/en\/wp-json\/wp\/v2\/media\/8131"}],"wp:attachment":[{"href":"https:\/\/aale.ee\/en\/wp-json\/wp\/v2\/media?parent=8130"}],"wp:term":[{"taxonomy":"product_brand","embeddable":true,"href":"https:\/\/aale.ee\/en\/wp-json\/wp\/v2\/product_brand?post=8130"},{"taxonomy":"product_cat","embeddable":true,"href":"https:\/\/aale.ee\/en\/wp-json\/wp\/v2\/product_cat?post=8130"},{"taxonomy":"product_tag","embeddable":true,"href":"https:\/\/aale.ee\/en\/wp-json\/wp\/v2\/product_tag?post=8130"}],"curies":[{"name":"wp","href":"https:\/\/api.w.org\/{rel}","templated":true}]}}