{"id":8185,"date":"2025-09-04T10:56:04","date_gmt":"2025-09-04T10:56:04","guid":{"rendered":"https:\/\/aale.ee\/?post_type=product&#038;p=8185"},"modified":"2025-11-26T08:01:31","modified_gmt":"2025-11-26T08:01:31","slug":"kirivoo-joelahtme-4","status":"publish","type":"product","link":"https:\/\/aale.ee\/en\/e-pood\/rahvaroivad\/kirivoo-joelahtme-4\/","title":{"rendered":"Kiriv\u00f6\u00f6 J\u00f5el\u00e4htme"},"content":{"rendered":"<p>Materjaliks 100% villane ja linane l\u00f5ng.<\/p>\n<p>V\u00f6\u00f6 pikkus koos narmastega 305 cm, laius 3,5 cm<\/p>\n<p>Ajalooline eeskuju: ERM 4716.\u00a0 Valmistatud ca 1862 &#8211; 1872.a. J\u00f5el\u00e4htme kihelkonnas.<\/p>\n","protected":false},"excerpt":{"rendered":"<p>Materjaliks 100% villane ja linane l\u00f5ng. V\u00f6\u00f6 pikkus koos narmastega 305 cm, laius 3,5 cm Ajalooline eeskuju: ERM 4716.\u00a0 Valmistatud&#8230;<\/p>\n","protected":false},"featured_media":8186,"comment_status":"closed","ping_status":"closed","template":"","meta":{"_acf_changed":false,"inline_featured_image":false},"product_brand":[],"product_cat":[33,32,325],"product_tag":[615,288,618],"class_list":{"0":"post-8185","1":"product","2":"type-product","3":"status-publish","4":"has-post-thumbnail","6":"product_cat-rahvaroivad","7":"product_cat-koik-tooted","8":"product_cat-vood-ja-paelad","9":"product_tag-eesti-parandmuster","10":"product_tag-kasitoo","11":"product_tag-naturaalsed-materjalid","13":"first","14":"instock","15":"taxable","16":"shipping-taxable","17":"purchasable","18":"product-type-simple"},"acf":[],"_links":{"self":[{"href":"https:\/\/aale.ee\/en\/wp-json\/wp\/v2\/product\/8185","targetHints":{"allow":["GET"]}}],"collection":[{"href":"https:\/\/aale.ee\/en\/wp-json\/wp\/v2\/product"}],"about":[{"href":"https:\/\/aale.ee\/en\/wp-json\/wp\/v2\/types\/product"}],"replies":[{"embeddable":true,"href":"https:\/\/aale.ee\/en\/wp-json\/wp\/v2\/comments?post=8185"}],"wp:featuredmedia":[{"embeddable":true,"href":"https:\/\/aale.ee\/en\/wp-json\/wp\/v2\/media\/8186"}],"wp:attachment":[{"href":"https:\/\/aale.ee\/en\/wp-json\/wp\/v2\/media?parent=8185"}],"wp:term":[{"taxonomy":"product_brand","embeddable":true,"href":"https:\/\/aale.ee\/en\/wp-json\/wp\/v2\/product_brand?post=8185"},{"taxonomy":"product_cat","embeddable":true,"href":"https:\/\/aale.ee\/en\/wp-json\/wp\/v2\/product_cat?post=8185"},{"taxonomy":"product_tag","embeddable":true,"href":"https:\/\/aale.ee\/en\/wp-json\/wp\/v2\/product_tag?post=8185"}],"curies":[{"name":"wp","href":"https:\/\/api.w.org\/{rel}","templated":true}]}}