{"id":8189,"date":"2025-09-04T11:10:59","date_gmt":"2025-09-04T11:10:59","guid":{"rendered":"https:\/\/aale.ee\/?post_type=product&#038;p=8189"},"modified":"2025-09-04T11:20:59","modified_gmt":"2025-09-04T11:20:59","slug":"klopsuga-kott-jarva-jaani","status":"publish","type":"product","link":"https:\/\/aale.ee\/en\/e-pood\/folk-costumes\/kotid-ja-taskud-en\/klopsuga-kott-jarva-jaani\/","title":{"rendered":"Kl\u00f5psuga kott J\u00e4rva-Jaani"},"content":{"rendered":"<p>Kotike villasest rahvar\u00f5iva triibuseeliku kangast. Eeskujuks ERM A 509:1932 J\u00e4rva-Jaani kihelkond.<\/p>\n<p>Kott on voodriga. Kotti saab kanda \u00fcle \u00f5la 120 cm pikkuse palmitsetud paelast sanga abil.<\/p>\n<p>Suurus 17,5 x 17 cm<\/p>\n","protected":false},"excerpt":{"rendered":"<p>Kotike villasest rahvar\u00f5iva triibuseeliku kangast. Eeskujuks ERM A 509:1932 J\u00e4rva-Jaani kihelkond. Kott on voodriga. Kotti saab kanda \u00fcle \u00f5la 120&#8230;<\/p>\n","protected":false},"featured_media":8191,"comment_status":"closed","ping_status":"closed","template":"","meta":{"_acf_changed":false,"inline_featured_image":false},"product_brand":[],"product_cat":[336,782,339],"product_tag":[604,619],"class_list":{"0":"post-8189","1":"product","2":"type-product","3":"status-publish","4":"has-post-thumbnail","6":"product_cat-koik-tooted-en","7":"product_cat-kotid-ja-taskud-en","8":"product_cat-folk-costumes","9":"product_tag-kasitoo-en","10":"product_tag-naturaalsed-materjalid-en","12":"first","13":"instock","14":"taxable","15":"shipping-taxable","16":"purchasable","17":"product-type-simple"},"acf":[],"_links":{"self":[{"href":"https:\/\/aale.ee\/en\/wp-json\/wp\/v2\/product\/8189","targetHints":{"allow":["GET"]}}],"collection":[{"href":"https:\/\/aale.ee\/en\/wp-json\/wp\/v2\/product"}],"about":[{"href":"https:\/\/aale.ee\/en\/wp-json\/wp\/v2\/types\/product"}],"replies":[{"embeddable":true,"href":"https:\/\/aale.ee\/en\/wp-json\/wp\/v2\/comments?post=8189"}],"wp:featuredmedia":[{"embeddable":true,"href":"https:\/\/aale.ee\/en\/wp-json\/wp\/v2\/media\/8191"}],"wp:attachment":[{"href":"https:\/\/aale.ee\/en\/wp-json\/wp\/v2\/media?parent=8189"}],"wp:term":[{"taxonomy":"product_brand","embeddable":true,"href":"https:\/\/aale.ee\/en\/wp-json\/wp\/v2\/product_brand?post=8189"},{"taxonomy":"product_cat","embeddable":true,"href":"https:\/\/aale.ee\/en\/wp-json\/wp\/v2\/product_cat?post=8189"},{"taxonomy":"product_tag","embeddable":true,"href":"https:\/\/aale.ee\/en\/wp-json\/wp\/v2\/product_tag?post=8189"}],"curies":[{"name":"wp","href":"https:\/\/api.w.org\/{rel}","templated":true}]}}