{"id":8206,"date":"2025-09-19T12:46:01","date_gmt":"2025-09-19T12:46:01","guid":{"rendered":"https:\/\/aale.ee\/?post_type=product&#038;p=8206"},"modified":"2025-09-19T12:51:16","modified_gmt":"2025-09-19T12:51:16","slug":"hobedast-vitssolg-23-cm-2","status":"publish","type":"product","link":"https:\/\/aale.ee\/en\/e-pood\/folk-costumes\/ehted-2-en\/hobedast-vitssolg-23-cm-2\/","title":{"rendered":"H\u00f5bedast vitss\u00f5lg 2,3 cm"},"content":{"rendered":"<p>Kauni kujundusega h\u00f5bedast vitss\u00f5lg prooviga 925<\/p>\n<p>N\u00f5elkinnisega, diameeter 2,3 cm, kaal 2,4 g<\/p>\n","protected":false},"excerpt":{"rendered":"<p>Kauni kujundusega h\u00f5bedast vitss\u00f5lg prooviga 925 N\u00f5elkinnisega, diameeter 2,3 cm, kaal 2,4 g<\/p>\n","protected":false},"featured_media":8212,"comment_status":"closed","ping_status":"closed","template":"","meta":{"_acf_changed":false,"inline_featured_image":false},"product_brand":[],"product_cat":[336,339,762,412,897],"product_tag":[603,617,604],"class_list":{"0":"post-8206","1":"product","2":"type-product","3":"status-publish","4":"has-post-thumbnail","6":"product_cat-koik-tooted-en","7":"product_cat-folk-costumes","8":"product_cat-ehted-2-en","9":"product_cat-jewelry","10":"product_cat-soled-ja-preesid-ehted","11":"product_tag-ainulaadne-en","12":"product_tag-etnograafiline-muster-en","13":"product_tag-kasitoo-en","15":"first","16":"instock","17":"taxable","18":"shipping-taxable","19":"purchasable","20":"product-type-simple"},"acf":[],"_links":{"self":[{"href":"https:\/\/aale.ee\/en\/wp-json\/wp\/v2\/product\/8206","targetHints":{"allow":["GET"]}}],"collection":[{"href":"https:\/\/aale.ee\/en\/wp-json\/wp\/v2\/product"}],"about":[{"href":"https:\/\/aale.ee\/en\/wp-json\/wp\/v2\/types\/product"}],"replies":[{"embeddable":true,"href":"https:\/\/aale.ee\/en\/wp-json\/wp\/v2\/comments?post=8206"}],"wp:featuredmedia":[{"embeddable":true,"href":"https:\/\/aale.ee\/en\/wp-json\/wp\/v2\/media\/8212"}],"wp:attachment":[{"href":"https:\/\/aale.ee\/en\/wp-json\/wp\/v2\/media?parent=8206"}],"wp:term":[{"taxonomy":"product_brand","embeddable":true,"href":"https:\/\/aale.ee\/en\/wp-json\/wp\/v2\/product_brand?post=8206"},{"taxonomy":"product_cat","embeddable":true,"href":"https:\/\/aale.ee\/en\/wp-json\/wp\/v2\/product_cat?post=8206"},{"taxonomy":"product_tag","embeddable":true,"href":"https:\/\/aale.ee\/en\/wp-json\/wp\/v2\/product_tag?post=8206"}],"curies":[{"name":"wp","href":"https:\/\/api.w.org\/{rel}","templated":true}]}}