{"id":8273,"date":"2025-11-03T14:26:26","date_gmt":"2025-11-03T14:26:26","guid":{"rendered":"https:\/\/aale.ee\/?post_type=product&#038;p=8273"},"modified":"2026-03-23T13:33:24","modified_gmt":"2026-03-23T13:33:24","slug":"kirivoo-jarjehoidja-maarja-magdaleena","status":"publish","type":"product","link":"https:\/\/aale.ee\/en\/e-pood\/koik-tooted-en\/kirivoo-jarjehoidja-maarja-magdaleena\/","title":{"rendered":"Kiriv\u00f6\u00f6 j\u00e4rjehoidja Maarja Magdaleena"},"content":{"rendered":"<p>Materjaliks 100% villane ja linane l\u00f5ng.<\/p>\n<p>Pikkus koos narmastega 15 cm, laius 6 cm<\/p>\n<p>Ajalooline eeskuju: ERM A 36:10 Maarja-Magdaleena kihelkond, Saare vald, K\u00f5rne talu, ca 1820.a.<\/p>\n","protected":false},"excerpt":{"rendered":"<p>Materjaliks 100% villane ja linane l\u00f5ng. Pikkus koos narmastega 15 cm, laius 6 cm Ajalooline eeskuju: ERM A 36:10 Maarja-Magdaleena&#8230;<\/p>\n","protected":false},"featured_media":8275,"comment_status":"closed","ping_status":"closed","template":"","meta":{"_acf_changed":false,"inline_featured_image":false},"product_brand":[],"product_cat":[336,448,911],"product_tag":[620,604,619],"class_list":{"0":"post-8273","1":"product","2":"type-product","3":"status-publish","4":"has-post-thumbnail","6":"product_cat-koik-tooted-en","7":"product_cat-gifts","8":"product_cat-kirivoo-jarjehoidja","9":"product_tag-eesti-parandmuster-en","10":"product_tag-kasitoo-en","11":"product_tag-naturaalsed-materjalid-en","13":"first","14":"instock","15":"taxable","16":"shipping-taxable","17":"purchasable","18":"product-type-simple"},"acf":[],"_links":{"self":[{"href":"https:\/\/aale.ee\/en\/wp-json\/wp\/v2\/product\/8273","targetHints":{"allow":["GET"]}}],"collection":[{"href":"https:\/\/aale.ee\/en\/wp-json\/wp\/v2\/product"}],"about":[{"href":"https:\/\/aale.ee\/en\/wp-json\/wp\/v2\/types\/product"}],"replies":[{"embeddable":true,"href":"https:\/\/aale.ee\/en\/wp-json\/wp\/v2\/comments?post=8273"}],"wp:featuredmedia":[{"embeddable":true,"href":"https:\/\/aale.ee\/en\/wp-json\/wp\/v2\/media\/8275"}],"wp:attachment":[{"href":"https:\/\/aale.ee\/en\/wp-json\/wp\/v2\/media?parent=8273"}],"wp:term":[{"taxonomy":"product_brand","embeddable":true,"href":"https:\/\/aale.ee\/en\/wp-json\/wp\/v2\/product_brand?post=8273"},{"taxonomy":"product_cat","embeddable":true,"href":"https:\/\/aale.ee\/en\/wp-json\/wp\/v2\/product_cat?post=8273"},{"taxonomy":"product_tag","embeddable":true,"href":"https:\/\/aale.ee\/en\/wp-json\/wp\/v2\/product_tag?post=8273"}],"curies":[{"name":"wp","href":"https:\/\/api.w.org\/{rel}","templated":true}]}}