{"id":8330,"date":"2025-11-14T14:56:21","date_gmt":"2025-11-14T14:56:21","guid":{"rendered":"https:\/\/aale.ee\/?post_type=product&#038;p=8330"},"modified":"2025-11-14T15:00:21","modified_gmt":"2025-11-14T15:00:21","slug":"lahttasku-sinine","status":"publish","type":"product","link":"https:\/\/aale.ee\/en\/e-pood\/folk-costumes\/kotid-ja-taskud-en\/lahttasku-sinine\/","title":{"rendered":"Lahttasku sinine"},"content":{"rendered":"<p>Lahttasku villastest kangastest, vooder puuvillane. Taskut kaunistavad puuvillasest lillelisest riidest kaunistused, metallist p\u00e4ikeseratas, erinevad pitsid ja kant. Taskut on v\u00f5imalik siduda v\u00f6\u00f6le, aga kanda ka \u00fcle \u00f5la.<\/p>\n<p>Sobib kokku siniste kampsunitega.<\/p>\n<p>Suurus 22 x 20 cm<\/p>\n","protected":false},"excerpt":{"rendered":"<p>Lahttasku villastest kangastest, vooder puuvillane. Taskut kaunistavad puuvillasest lillelisest riidest kaunistused, metallist p\u00e4ikeseratas, erinevad pitsid ja kant. Taskut on v\u00f5imalik&#8230;<\/p>\n","protected":false},"featured_media":8332,"comment_status":"closed","ping_status":"closed","template":"","meta":{"_acf_changed":false,"inline_featured_image":false},"product_brand":[],"product_cat":[336,782,339],"product_tag":[604,619],"class_list":{"0":"post-8330","1":"product","2":"type-product","3":"status-publish","4":"has-post-thumbnail","6":"product_cat-koik-tooted-en","7":"product_cat-kotid-ja-taskud-en","8":"product_cat-folk-costumes","9":"product_tag-kasitoo-en","10":"product_tag-naturaalsed-materjalid-en","12":"first","13":"instock","14":"taxable","15":"shipping-taxable","16":"purchasable","17":"product-type-simple"},"acf":[],"_links":{"self":[{"href":"https:\/\/aale.ee\/en\/wp-json\/wp\/v2\/product\/8330","targetHints":{"allow":["GET"]}}],"collection":[{"href":"https:\/\/aale.ee\/en\/wp-json\/wp\/v2\/product"}],"about":[{"href":"https:\/\/aale.ee\/en\/wp-json\/wp\/v2\/types\/product"}],"replies":[{"embeddable":true,"href":"https:\/\/aale.ee\/en\/wp-json\/wp\/v2\/comments?post=8330"}],"wp:featuredmedia":[{"embeddable":true,"href":"https:\/\/aale.ee\/en\/wp-json\/wp\/v2\/media\/8332"}],"wp:attachment":[{"href":"https:\/\/aale.ee\/en\/wp-json\/wp\/v2\/media?parent=8330"}],"wp:term":[{"taxonomy":"product_brand","embeddable":true,"href":"https:\/\/aale.ee\/en\/wp-json\/wp\/v2\/product_brand?post=8330"},{"taxonomy":"product_cat","embeddable":true,"href":"https:\/\/aale.ee\/en\/wp-json\/wp\/v2\/product_cat?post=8330"},{"taxonomy":"product_tag","embeddable":true,"href":"https:\/\/aale.ee\/en\/wp-json\/wp\/v2\/product_tag?post=8330"}],"curies":[{"name":"wp","href":"https:\/\/api.w.org\/{rel}","templated":true}]}}