{"id":8417,"date":"2025-12-03T13:48:21","date_gmt":"2025-12-03T13:48:21","guid":{"rendered":"https:\/\/aale.ee\/?post_type=product&#038;p=8417"},"modified":"2025-12-03T14:02:41","modified_gmt":"2025-12-03T14:02:41","slug":"muts-kadrina-tutiga","status":"publish","type":"product","link":"https:\/\/aale.ee\/en\/e-pood\/mens-knitwear\/mutsid-2-en\/muts-kadrina-tutiga\/","title":{"rendered":"M\u00fcts Kadrina tutiga"},"content":{"rendered":"<p>100 % vill, kootud masinal. M\u00fctsil seespool pehme puuvillane vooder.<\/p>\n<p>V\u00e4rvus: hele ja tume naturaalne hall. Kaunistuseks tumepunased triibud.<\/p>\n<p>M\u00fcts sobib h\u00e4sti kokku Kadrina dzempri, pika jaki ja soojade labakutega.<\/p>\n<p>&nbsp;<\/p>\n","protected":false},"excerpt":{"rendered":"<p>100 % vill, kootud masinal. M\u00fctsil seespool pehme puuvillane vooder. V\u00e4rvus: hele ja tume naturaalne hall. Kaunistuseks tumepunased triibud. M\u00fcts&#8230;<\/p>\n","protected":false},"featured_media":6869,"comment_status":"closed","ping_status":"closed","template":"","meta":{"_acf_changed":false,"inline_featured_image":false},"product_brand":[],"product_cat":[336,756,417,436,337],"product_tag":[620,440,757],"class_list":{"0":"post-8417","1":"product","2":"type-product","3":"status-publish","4":"has-post-thumbnail","6":"product_cat-koik-tooted-en","7":"product_cat-mutsid-2-en","8":"product_cat-hats","9":"product_cat-mens-knitwear","10":"product_cat-womens-knitwear-womens-knitwear","11":"product_tag-eesti-parandmuster-en","12":"product_tag-hingav-materjal-en","13":"product_tag-soe-ja-pehme-en","14":"pa_suurus-l-en","15":"pa_suurus-m-en","16":"pa_suurus-s-en","17":"pa_suurus-xl-en","18":"pa_suurus-xxl-en","19":"pa_varv-tumehall-hall-en","20":"pa_varv-tumesinine-hall-en","22":"first","23":"instock","24":"taxable","25":"shipping-taxable","26":"purchasable","27":"product-type-variable"},"acf":[],"_links":{"self":[{"href":"https:\/\/aale.ee\/en\/wp-json\/wp\/v2\/product\/8417","targetHints":{"allow":["GET"]}}],"collection":[{"href":"https:\/\/aale.ee\/en\/wp-json\/wp\/v2\/product"}],"about":[{"href":"https:\/\/aale.ee\/en\/wp-json\/wp\/v2\/types\/product"}],"replies":[{"embeddable":true,"href":"https:\/\/aale.ee\/en\/wp-json\/wp\/v2\/comments?post=8417"}],"wp:featuredmedia":[{"embeddable":true,"href":"https:\/\/aale.ee\/en\/wp-json\/wp\/v2\/media\/6869"}],"wp:attachment":[{"href":"https:\/\/aale.ee\/en\/wp-json\/wp\/v2\/media?parent=8417"}],"wp:term":[{"taxonomy":"product_brand","embeddable":true,"href":"https:\/\/aale.ee\/en\/wp-json\/wp\/v2\/product_brand?post=8417"},{"taxonomy":"product_cat","embeddable":true,"href":"https:\/\/aale.ee\/en\/wp-json\/wp\/v2\/product_cat?post=8417"},{"taxonomy":"product_tag","embeddable":true,"href":"https:\/\/aale.ee\/en\/wp-json\/wp\/v2\/product_tag?post=8417"}],"curies":[{"name":"wp","href":"https:\/\/api.w.org\/{rel}","templated":true}]}}