{"id":8717,"date":"2026-02-12T12:05:58","date_gmt":"2026-02-12T12:05:58","guid":{"rendered":"https:\/\/aale.ee\/?post_type=product&#038;p=8717"},"modified":"2026-02-12T12:07:56","modified_gmt":"2026-02-12T12:07:56","slug":"meriino-sall-sinine-valge","status":"publish","type":"product","link":"https:\/\/aale.ee\/en\/e-pood\/womens-knitwear-womens-knitwear\/scarfs\/meriino-sall-sinine-valge\/","title":{"rendered":"Meriino sall sinine-valge"},"content":{"rendered":"<p>Masinal kootud m\u00f5nus ja pehme meriinovillast sall.<\/p>\n<p>Materjal: 80% meriinovill, 20% pol\u00fcakr\u00fc\u00fcl.<\/p>\n<p>M\u00f5\u00f5dud: 29 x 127 cm<\/p>\n<p>Mustri disainis on kasutatud Hiiumaa ajalooliste kindamustrite ornamente.<\/p>\n<p>Salli saab h\u00e4sti kokku sobitada samades toonides meriino m\u00fctsiga.<\/p>\n<p>&nbsp;<\/p>\n","protected":false},"excerpt":{"rendered":"<p>Masinal kootud m\u00f5nus ja pehme meriinovillast sall. Materjal: 80% meriinovill, 20% pol\u00fcakr\u00fc\u00fcl. M\u00f5\u00f5dud: 29 x 127 cm Mustri disainis on&#8230;<\/p>\n","protected":false},"featured_media":8680,"comment_status":"closed","ping_status":"closed","template":"","meta":{"_acf_changed":false,"inline_featured_image":false},"product_brand":[],"product_cat":[336,436,910,428,337],"product_tag":[439,440,757],"class_list":{"0":"post-8717","1":"product","2":"type-product","3":"status-publish","4":"has-post-thumbnail","6":"product_cat-koik-tooted-en","7":"product_cat-mens-knitwear","8":"product_cat-sallid","9":"product_cat-scarfs","10":"product_cat-womens-knitwear-womens-knitwear","11":"product_tag-eesti-muster-en","12":"product_tag-hingav-materjal-en","13":"product_tag-soe-ja-pehme-en","15":"first","16":"instock","17":"taxable","18":"shipping-taxable","19":"purchasable","20":"product-type-simple"},"acf":[],"_links":{"self":[{"href":"https:\/\/aale.ee\/en\/wp-json\/wp\/v2\/product\/8717","targetHints":{"allow":["GET"]}}],"collection":[{"href":"https:\/\/aale.ee\/en\/wp-json\/wp\/v2\/product"}],"about":[{"href":"https:\/\/aale.ee\/en\/wp-json\/wp\/v2\/types\/product"}],"replies":[{"embeddable":true,"href":"https:\/\/aale.ee\/en\/wp-json\/wp\/v2\/comments?post=8717"}],"wp:featuredmedia":[{"embeddable":true,"href":"https:\/\/aale.ee\/en\/wp-json\/wp\/v2\/media\/8680"}],"wp:attachment":[{"href":"https:\/\/aale.ee\/en\/wp-json\/wp\/v2\/media?parent=8717"}],"wp:term":[{"taxonomy":"product_brand","embeddable":true,"href":"https:\/\/aale.ee\/en\/wp-json\/wp\/v2\/product_brand?post=8717"},{"taxonomy":"product_cat","embeddable":true,"href":"https:\/\/aale.ee\/en\/wp-json\/wp\/v2\/product_cat?post=8717"},{"taxonomy":"product_tag","embeddable":true,"href":"https:\/\/aale.ee\/en\/wp-json\/wp\/v2\/product_tag?post=8717"}],"curies":[{"name":"wp","href":"https:\/\/api.w.org\/{rel}","templated":true}]}}