{"id":8760,"date":"2026-03-06T13:15:16","date_gmt":"2026-03-06T13:15:16","guid":{"rendered":"https:\/\/aale.ee\/?post_type=product&#038;p=8760"},"modified":"2026-03-10T09:35:32","modified_gmt":"2026-03-10T09:35:32","slug":"kurguhelmed-32","status":"publish","type":"product","link":"https:\/\/aale.ee\/en\/e-pood\/rahvaroivad\/kurguhelmed-32\/","title":{"rendered":"Kurguhelmed"},"content":{"rendered":"<p>Erinevates sinistes ja valgetes toonides helmestega klaashelmed, mida on sobiv kanda rahvar\u00f5ivastega.<\/p>\n<p>Sidus p\u00f5imitud naturaalsest linasest l\u00f5ngast.<\/p>\n","protected":false},"excerpt":{"rendered":"<p>Erinevates sinistes ja valgetes toonides helmestega klaashelmed, mida on sobiv kanda rahvar\u00f5ivastega. Sidus p\u00f5imitud naturaalsest linasest l\u00f5ngast.<\/p>\n","protected":false},"featured_media":8761,"comment_status":"closed","ping_status":"closed","template":"","meta":{"_acf_changed":false,"inline_featured_image":false},"product_brand":[],"product_cat":[33,31,328,32,854,855],"product_tag":[288,618],"class_list":{"0":"post-8760","1":"product","2":"type-product","3":"status-publish","4":"has-post-thumbnail","6":"product_cat-rahvaroivad","7":"product_cat-ehted","8":"product_cat-ehted-2","9":"product_cat-koik-tooted","10":"product_cat-kurguhelmed","11":"product_cat-kurguhelmed-ehted","12":"product_tag-kasitoo","13":"product_tag-naturaalsed-materjalid","15":"first","16":"instock","17":"taxable","18":"shipping-taxable","19":"purchasable","20":"product-type-simple"},"acf":[],"_links":{"self":[{"href":"https:\/\/aale.ee\/en\/wp-json\/wp\/v2\/product\/8760","targetHints":{"allow":["GET"]}}],"collection":[{"href":"https:\/\/aale.ee\/en\/wp-json\/wp\/v2\/product"}],"about":[{"href":"https:\/\/aale.ee\/en\/wp-json\/wp\/v2\/types\/product"}],"replies":[{"embeddable":true,"href":"https:\/\/aale.ee\/en\/wp-json\/wp\/v2\/comments?post=8760"}],"wp:featuredmedia":[{"embeddable":true,"href":"https:\/\/aale.ee\/en\/wp-json\/wp\/v2\/media\/8761"}],"wp:attachment":[{"href":"https:\/\/aale.ee\/en\/wp-json\/wp\/v2\/media?parent=8760"}],"wp:term":[{"taxonomy":"product_brand","embeddable":true,"href":"https:\/\/aale.ee\/en\/wp-json\/wp\/v2\/product_brand?post=8760"},{"taxonomy":"product_cat","embeddable":true,"href":"https:\/\/aale.ee\/en\/wp-json\/wp\/v2\/product_cat?post=8760"},{"taxonomy":"product_tag","embeddable":true,"href":"https:\/\/aale.ee\/en\/wp-json\/wp\/v2\/product_tag?post=8760"}],"curies":[{"name":"wp","href":"https:\/\/api.w.org\/{rel}","templated":true}]}}