{"id":8815,"date":"2026-03-19T14:30:44","date_gmt":"2026-03-19T14:30:44","guid":{"rendered":"https:\/\/aale.ee\/?post_type=product&#038;p=8815"},"modified":"2026-03-19T14:31:52","modified_gmt":"2026-03-19T14:31:52","slug":"padjakate-parnu","status":"publish","type":"product","link":"https:\/\/aale.ee\/en\/e-pood\/home-decoration\/padjakatted-en\/padjakate-parnu\/","title":{"rendered":"Padjakate P\u00e4rnu"},"content":{"rendered":"<p>M\u00f5\u00f5dud: 40 x 40<\/p>\n<p>\u00d5mmeldud P\u00e4rnu kihelkonna rahvar\u00f5iva seelikukangast (l\u00f5im puuvillane, kude villane).<\/p>\n<p>Kinnitus peitlukuga.<\/p>\n","protected":false},"excerpt":{"rendered":"<p>M\u00f5\u00f5dud: 40 x 40 \u00d5mmeldud P\u00e4rnu kihelkonna rahvar\u00f5iva seelikukangast (l\u00f5im puuvillane, kude villane). Kinnitus peitlukuga.<\/p>\n","protected":false},"featured_media":8817,"comment_status":"closed","ping_status":"closed","template":"","meta":{"_acf_changed":false,"inline_featured_image":false},"product_brand":[],"product_cat":[336,453,780],"product_tag":[620,619],"class_list":{"0":"post-8815","1":"product","2":"type-product","3":"status-publish","4":"has-post-thumbnail","6":"product_cat-koik-tooted-en","7":"product_cat-home-decoration","8":"product_cat-padjakatted-en","9":"product_tag-eesti-parandmuster-en","10":"product_tag-naturaalsed-materjalid-en","12":"first","13":"instock","14":"taxable","15":"shipping-taxable","16":"purchasable","17":"product-type-simple"},"acf":[],"_links":{"self":[{"href":"https:\/\/aale.ee\/en\/wp-json\/wp\/v2\/product\/8815","targetHints":{"allow":["GET"]}}],"collection":[{"href":"https:\/\/aale.ee\/en\/wp-json\/wp\/v2\/product"}],"about":[{"href":"https:\/\/aale.ee\/en\/wp-json\/wp\/v2\/types\/product"}],"replies":[{"embeddable":true,"href":"https:\/\/aale.ee\/en\/wp-json\/wp\/v2\/comments?post=8815"}],"wp:featuredmedia":[{"embeddable":true,"href":"https:\/\/aale.ee\/en\/wp-json\/wp\/v2\/media\/8817"}],"wp:attachment":[{"href":"https:\/\/aale.ee\/en\/wp-json\/wp\/v2\/media?parent=8815"}],"wp:term":[{"taxonomy":"product_brand","embeddable":true,"href":"https:\/\/aale.ee\/en\/wp-json\/wp\/v2\/product_brand?post=8815"},{"taxonomy":"product_cat","embeddable":true,"href":"https:\/\/aale.ee\/en\/wp-json\/wp\/v2\/product_cat?post=8815"},{"taxonomy":"product_tag","embeddable":true,"href":"https:\/\/aale.ee\/en\/wp-json\/wp\/v2\/product_tag?post=8815"}],"curies":[{"name":"wp","href":"https:\/\/api.w.org\/{rel}","templated":true}]}}