{"id":8834,"date":"2026-03-23T13:17:31","date_gmt":"2026-03-23T13:17:31","guid":{"rendered":"https:\/\/aale.ee\/?post_type=product&#038;p=8834"},"modified":"2026-05-07T11:51:32","modified_gmt":"2026-05-07T11:51:32","slug":"haapsalu-sall-12","status":"publish","type":"product","link":"https:\/\/aale.ee\/en\/e-pood\/naiste-kudumid\/haapsalu-sall-12\/","title":{"rendered":"Haapsalu sall"},"content":{"rendered":"<p>K\u00e4sitsi kootud peenvillasest l\u00f5ngast.<\/p>\n<p>V\u00e4rvus: naturaalne valge.<\/p>\n<p>M\u00f5\u00f5dud: ca 40 x 120 cm<\/p>\n","protected":false},"excerpt":{"rendered":"<p>K\u00e4sitsi kootud peenvillasest l\u00f5ngast. V\u00e4rvus: naturaalne valge. M\u00f5\u00f5dud: ca 40 x 120 cm<\/p>\n","protected":false},"featured_media":8835,"comment_status":"closed","ping_status":"closed","template":"","meta":{"_acf_changed":false,"inline_featured_image":false},"product_brand":[],"product_cat":[26,32,304],"product_tag":[290,292,288],"class_list":{"0":"post-8834","1":"product","2":"type-product","3":"status-publish","4":"has-post-thumbnail","6":"product_cat-naiste-kudumid","7":"product_cat-koik-tooted","8":"product_cat-sallid-ja-olakatted","9":"product_tag-100-villane","10":"product_tag-ainulaadne","11":"product_tag-kasitoo","13":"first","14":"outofstock","15":"taxable","16":"shipping-taxable","17":"purchasable","18":"product-type-simple"},"acf":[],"_links":{"self":[{"href":"https:\/\/aale.ee\/en\/wp-json\/wp\/v2\/product\/8834","targetHints":{"allow":["GET"]}}],"collection":[{"href":"https:\/\/aale.ee\/en\/wp-json\/wp\/v2\/product"}],"about":[{"href":"https:\/\/aale.ee\/en\/wp-json\/wp\/v2\/types\/product"}],"replies":[{"embeddable":true,"href":"https:\/\/aale.ee\/en\/wp-json\/wp\/v2\/comments?post=8834"}],"wp:featuredmedia":[{"embeddable":true,"href":"https:\/\/aale.ee\/en\/wp-json\/wp\/v2\/media\/8835"}],"wp:attachment":[{"href":"https:\/\/aale.ee\/en\/wp-json\/wp\/v2\/media?parent=8834"}],"wp:term":[{"taxonomy":"product_brand","embeddable":true,"href":"https:\/\/aale.ee\/en\/wp-json\/wp\/v2\/product_brand?post=8834"},{"taxonomy":"product_cat","embeddable":true,"href":"https:\/\/aale.ee\/en\/wp-json\/wp\/v2\/product_cat?post=8834"},{"taxonomy":"product_tag","embeddable":true,"href":"https:\/\/aale.ee\/en\/wp-json\/wp\/v2\/product_tag?post=8834"}],"curies":[{"name":"wp","href":"https:\/\/api.w.org\/{rel}","templated":true}]}}