{"id":8849,"date":"2026-03-26T14:37:16","date_gmt":"2026-03-26T14:37:16","guid":{"rendered":"https:\/\/aale.ee\/?post_type=product&#038;p=8849"},"modified":"2026-03-26T14:42:26","modified_gmt":"2026-03-26T14:42:26","slug":"kirivoo-jarjehoidja-viljandi","status":"publish","type":"product","link":"https:\/\/aale.ee\/en\/e-pood\/meened-ja-kingitused\/kirivoo-jarjehoidja\/kirivoo-jarjehoidja-viljandi\/","title":{"rendered":"Kiriv\u00f6\u00f6 j\u00e4rjehoidja Viljandi"},"content":{"rendered":"<p>Materjaliks 100% villane ja linane l\u00f5ng.<\/p>\n<p>J\u00e4rjehoidja pikkus koos narmastega 17 cm, laius 3,9 cm<\/p>\n<p>Ajalooline eeskuju: ERM 17835, valmistatud ca 1764.a. Miku talus Viljandi kihelkonnas.<\/p>\n","protected":false},"excerpt":{"rendered":"<p>Materjaliks 100% villane ja linane l\u00f5ng. J\u00e4rjehoidja pikkus koos narmastega 17 cm, laius 3,9 cm Ajalooline eeskuju: ERM 17835, valmistatud&#8230;<\/p>\n","protected":false},"featured_media":8850,"comment_status":"closed","ping_status":"closed","template":"","meta":{"_acf_changed":false,"inline_featured_image":false},"product_brand":[],"product_cat":[809,32,38],"product_tag":[615,288,618],"class_list":{"0":"post-8849","1":"product","2":"type-product","3":"status-publish","4":"has-post-thumbnail","6":"product_cat-kirivoo-jarjehoidja","7":"product_cat-koik-tooted","8":"product_cat-meened-ja-kingitused","9":"product_tag-eesti-parandmuster","10":"product_tag-kasitoo","11":"product_tag-naturaalsed-materjalid","13":"first","14":"instock","15":"taxable","16":"shipping-taxable","17":"purchasable","18":"product-type-simple"},"acf":[],"_links":{"self":[{"href":"https:\/\/aale.ee\/en\/wp-json\/wp\/v2\/product\/8849","targetHints":{"allow":["GET"]}}],"collection":[{"href":"https:\/\/aale.ee\/en\/wp-json\/wp\/v2\/product"}],"about":[{"href":"https:\/\/aale.ee\/en\/wp-json\/wp\/v2\/types\/product"}],"replies":[{"embeddable":true,"href":"https:\/\/aale.ee\/en\/wp-json\/wp\/v2\/comments?post=8849"}],"wp:featuredmedia":[{"embeddable":true,"href":"https:\/\/aale.ee\/en\/wp-json\/wp\/v2\/media\/8850"}],"wp:attachment":[{"href":"https:\/\/aale.ee\/en\/wp-json\/wp\/v2\/media?parent=8849"}],"wp:term":[{"taxonomy":"product_brand","embeddable":true,"href":"https:\/\/aale.ee\/en\/wp-json\/wp\/v2\/product_brand?post=8849"},{"taxonomy":"product_cat","embeddable":true,"href":"https:\/\/aale.ee\/en\/wp-json\/wp\/v2\/product_cat?post=8849"},{"taxonomy":"product_tag","embeddable":true,"href":"https:\/\/aale.ee\/en\/wp-json\/wp\/v2\/product_tag?post=8849"}],"curies":[{"name":"wp","href":"https:\/\/api.w.org\/{rel}","templated":true}]}}