{"id":8852,"date":"2026-03-26T14:43:10","date_gmt":"2026-03-26T14:43:10","guid":{"rendered":"https:\/\/aale.ee\/?post_type=product&#038;p=8852"},"modified":"2026-03-26T14:46:54","modified_gmt":"2026-03-26T14:46:54","slug":"kirivoo-jarjehoidja-joelahtme","status":"publish","type":"product","link":"https:\/\/aale.ee\/en\/e-pood\/meened-ja-kingitused\/kirivoo-jarjehoidja\/kirivoo-jarjehoidja-joelahtme\/","title":{"rendered":"Kiriv\u00f6\u00f6 j\u00e4rjehoidja J\u00f5el\u00e4htme"},"content":{"rendered":"<p>Materjaliks 100% villane ja linane l\u00f5ng.<\/p>\n<p>J\u00e4rjehoidja pikkus koos narmastega 14 cm, laius 4,2 cm<\/p>\n<p>Ajalooline eeskuju: ERM 4691, valmistatud ca 1852.a. J\u00f5el\u00e4htme kihelkonnas.<\/p>\n","protected":false},"excerpt":{"rendered":"<p>Materjaliks 100% villane ja linane l\u00f5ng. J\u00e4rjehoidja pikkus koos narmastega 14 cm, laius 4,2 cm Ajalooline eeskuju: ERM 4691, valmistatud&#8230;<\/p>\n","protected":false},"featured_media":8853,"comment_status":"closed","ping_status":"closed","template":"","meta":{"_acf_changed":false,"inline_featured_image":false},"product_brand":[],"product_cat":[809,32,38],"product_tag":[615,288,618],"class_list":{"0":"post-8852","1":"product","2":"type-product","3":"status-publish","4":"has-post-thumbnail","6":"product_cat-kirivoo-jarjehoidja","7":"product_cat-koik-tooted","8":"product_cat-meened-ja-kingitused","9":"product_tag-eesti-parandmuster","10":"product_tag-kasitoo","11":"product_tag-naturaalsed-materjalid","13":"first","14":"instock","15":"taxable","16":"shipping-taxable","17":"purchasable","18":"product-type-simple"},"acf":[],"_links":{"self":[{"href":"https:\/\/aale.ee\/en\/wp-json\/wp\/v2\/product\/8852","targetHints":{"allow":["GET"]}}],"collection":[{"href":"https:\/\/aale.ee\/en\/wp-json\/wp\/v2\/product"}],"about":[{"href":"https:\/\/aale.ee\/en\/wp-json\/wp\/v2\/types\/product"}],"replies":[{"embeddable":true,"href":"https:\/\/aale.ee\/en\/wp-json\/wp\/v2\/comments?post=8852"}],"wp:featuredmedia":[{"embeddable":true,"href":"https:\/\/aale.ee\/en\/wp-json\/wp\/v2\/media\/8853"}],"wp:attachment":[{"href":"https:\/\/aale.ee\/en\/wp-json\/wp\/v2\/media?parent=8852"}],"wp:term":[{"taxonomy":"product_brand","embeddable":true,"href":"https:\/\/aale.ee\/en\/wp-json\/wp\/v2\/product_brand?post=8852"},{"taxonomy":"product_cat","embeddable":true,"href":"https:\/\/aale.ee\/en\/wp-json\/wp\/v2\/product_cat?post=8852"},{"taxonomy":"product_tag","embeddable":true,"href":"https:\/\/aale.ee\/en\/wp-json\/wp\/v2\/product_tag?post=8852"}],"curies":[{"name":"wp","href":"https:\/\/api.w.org\/{rel}","templated":true}]}}