{"id":8858,"date":"2026-03-26T14:52:40","date_gmt":"2026-03-26T14:52:40","guid":{"rendered":"https:\/\/aale.ee\/?post_type=product&#038;p=8858"},"modified":"2026-03-26T14:54:17","modified_gmt":"2026-03-26T14:54:17","slug":"kirivoo-jarjehoidja-valjala-2","status":"publish","type":"product","link":"https:\/\/aale.ee\/en\/e-pood\/koik-tooted\/kirivoo-jarjehoidja-valjala-2\/","title":{"rendered":"Kiriv\u00f6\u00f6 j\u00e4rjehoidja Valjala"},"content":{"rendered":"<p>Materjaliks 100% villane ja hall linane l\u00f5ng.<\/p>\n<p>Pikkus koos narmastega 20,5 cm, laius 6 cm<\/p>\n<p>Ajalooline eeskuju: ERM A 290:859 Valjala kihelkonnast.<\/p>\n","protected":false},"excerpt":{"rendered":"<p>Materjaliks 100% villane ja hall linane l\u00f5ng. Pikkus koos narmastega 20,5 cm, laius 6 cm Ajalooline eeskuju: ERM A 290:859&#8230;<\/p>\n","protected":false},"featured_media":8859,"comment_status":"closed","ping_status":"closed","template":"","meta":{"_acf_changed":false,"inline_featured_image":false},"product_brand":[],"product_cat":[32,809,38],"product_tag":[615,288,618],"class_list":{"0":"post-8858","1":"product","2":"type-product","3":"status-publish","4":"has-post-thumbnail","6":"product_cat-koik-tooted","7":"product_cat-kirivoo-jarjehoidja","8":"product_cat-meened-ja-kingitused","9":"product_tag-eesti-parandmuster","10":"product_tag-kasitoo","11":"product_tag-naturaalsed-materjalid","13":"first","14":"instock","15":"taxable","16":"shipping-taxable","17":"purchasable","18":"product-type-simple"},"acf":[],"_links":{"self":[{"href":"https:\/\/aale.ee\/en\/wp-json\/wp\/v2\/product\/8858","targetHints":{"allow":["GET"]}}],"collection":[{"href":"https:\/\/aale.ee\/en\/wp-json\/wp\/v2\/product"}],"about":[{"href":"https:\/\/aale.ee\/en\/wp-json\/wp\/v2\/types\/product"}],"replies":[{"embeddable":true,"href":"https:\/\/aale.ee\/en\/wp-json\/wp\/v2\/comments?post=8858"}],"wp:featuredmedia":[{"embeddable":true,"href":"https:\/\/aale.ee\/en\/wp-json\/wp\/v2\/media\/8859"}],"wp:attachment":[{"href":"https:\/\/aale.ee\/en\/wp-json\/wp\/v2\/media?parent=8858"}],"wp:term":[{"taxonomy":"product_brand","embeddable":true,"href":"https:\/\/aale.ee\/en\/wp-json\/wp\/v2\/product_brand?post=8858"},{"taxonomy":"product_cat","embeddable":true,"href":"https:\/\/aale.ee\/en\/wp-json\/wp\/v2\/product_cat?post=8858"},{"taxonomy":"product_tag","embeddable":true,"href":"https:\/\/aale.ee\/en\/wp-json\/wp\/v2\/product_tag?post=8858"}],"curies":[{"name":"wp","href":"https:\/\/api.w.org\/{rel}","templated":true}]}}